{"id":24754,"date":"2019-09-10T08:47:35","date_gmt":"2019-09-10T08:47:35","guid":{"rendered":"http:\/\/www.sembullyingsemviolencia.edu.gov.pt\/?page_id=24754"},"modified":"2019-10-18T07:28:17","modified_gmt":"2019-10-18T07:28:17","slug":"criancas-e-jovens","status":"publish","type":"page","link":"https:\/\/www.sembullyingsemviolencia.edu.gov.pt\/?page_id=24754","title":{"rendered":"Alunos"},"content":{"rendered":"<div class=\"wpb-content-wrapper\"><p>[vc_row][vc_column][vc_single_image image=&#8221;25582&#8243; alignment=&#8221;center&#8221; style=&#8221;vc_box_rounded&#8221;]<div class=\"clearboth\"><\/div><div id=\"thegem-divider-69e3181c6dce1\" class=\"gem-divider  \" style=\"\" ><\/div>[\/vc_column][\/vc_row][vc_row css=&#8221;.vc_custom_1568205130936{margin-top: 0px !important;margin-bottom: 0px !important;padding-top: 0px !important;padding-bottom: 0px !important;}&#8221;][vc_column width=&#8221;1\/2&#8243; css=&#8221;.vc_custom_1568205178362{padding-top: 0px !important;}&#8221;][vc_column_text]<\/p>\n<h5 style=\"text-align: left;\"><span style=\"color: #993300;\"><strong>O que \u00e9 o <em>bullying<\/em>?<\/strong><\/span><\/h5>\n<p>\u00c9 um comportamento:<\/p>\n<ul>\n<li>Adotado <strong>entre pares<\/strong>;<\/li>\n<li><strong>Agressivo e intencional<\/strong>;<\/li>\n<li><strong>repetido<\/strong>;<\/li>\n<li>Envolvendo <strong>desigualdade e abuso de poder<\/strong>.<\/li>\n<\/ul>\n<h5><span style=\"color: #993300;\"><strong>Conheces os v\u00e1rios tipos de <em>bullying<\/em>?<\/strong><\/span><\/h5>\n<ul>\n<li><strong>F\u00edsico:<\/strong> roubar ou destruir objetos pessoais, bater, empurrar, cercar, perseguir a v\u00edtima;<\/li>\n<li><strong>Verbal:<\/strong> difamar, provocar, amea\u00e7ar, insultar, gozar, colocar alcunhas maldosas;<\/li>\n<li><strong>Sexual: <\/strong>assediar, abusar ou tocar de forma n\u00e3o consentida, indesejada e inapropriada;<\/li>\n<li><strong>Psicol\u00f3gico:<\/strong> coagir, intimidar, discriminar, humilhar;<\/li>\n<li><strong><em>Ciberbullying<\/em><\/strong><strong>:<\/strong> adotar os comportamentos acima referidos (\u00e0 exce\u00e7\u00e3o dos f\u00edsicos), atrav\u00e9s das tecnologias da informa\u00e7\u00e3o e comunica\u00e7\u00e3o.<\/li>\n<\/ul>\n<p>Os comportamentos de <em>bullying<\/em> podem encaixar-se simultaneamente em mais do que um destes tipos.<\/p>\n<h5><span style=\"color: #993300;\"><strong>Quem s\u00e3o os intervenientes?<\/strong><\/span><\/h5>\n<p>[\/vc_column_text][vc_column_text css=&#8221;.vc_custom_1570874862071{background-image: url(http:\/\/www.sembullyingsemviolencia.edu.gov.pt\/wp-content\/uploads\/2019\/10\/fundolaran.png?id=26091) !important;background-position: center !important;background-repeat: no-repeat !important;background-size: cover !important;}&#8221;]<\/p>\n<ul>\n<li><span style=\"color: #000000;\">A v\u00edtima (quem sofre as agress\u00f5es)<\/span><\/li>\n<li><span style=\"color: #000000;\">O agressor (quem agride)<\/span><\/li>\n<li><span style=\"color: #000000;\">O observador (quem assiste)<\/span>\n<ul>\n<li><span style=\"color: #000000;\">os apoiantes do agressor, os indiferentes e os defensores da v\u00edtima<\/span><\/li>\n<\/ul>\n<\/li>\n<\/ul>\n<p>[\/vc_column_text][\/vc_column][vc_column width=&#8221;1\/2&#8243;][vc_column_text]<\/p>\n<h5><span style=\"color: #993300;\"><strong>Se \u00e9s v\u00edtima de <em>bullying<\/em> ou <em>ciberbullying<\/em><\/strong><\/span><\/h5>\n<ul>\n<li>Conta a algu\u00e9m o que se est\u00e1 a passar. \u00c9 MUITO importante;<\/li>\n<li>Denuncia a um adulto (professor, funcion\u00e1rio, pais\/encarregados de educa\u00e7\u00e3o, psic\u00f3logo ou outro t\u00e9cnico);<\/li>\n<li>N\u00e3o te sintas culpado por seres alvo deste tipo de comportamento;<\/li>\n<li>Mant\u00e9m-te calmo, mesmo que te sintas triste e\/ou assustado;<\/li>\n<li>Evita estar sozinho em zonas mais isoladas durante o almo\u00e7o e os intervalos;<\/li>\n<li>Percorre sempre acompanhado o caminho casa\/escola e vice-versa;<\/li>\n<li>Quando denunciares, deves ter em aten\u00e7\u00e3o estas <strong>5 quest\u00f5es<\/strong>:<\/li>\n<\/ul>\n<p>[\/vc_column_text][vc_column_text css=&#8221;.vc_custom_1570875092666{background-image: url(http:\/\/www.sembullyingsemviolencia.edu.gov.pt\/wp-content\/uploads\/2019\/10\/fundolaran.png?id=26091) !important;background-position: center !important;background-repeat: no-repeat !important;background-size: cover !important;}&#8221;]<\/p>\n<ul>\n<li><span style=\"color: #000000;\"><strong>Quem<\/strong> praticou os comportamentos de <em>bullying <\/em>ou <em>ciberbullying<\/em>?<\/span><\/li>\n<li><span style=\"color: #000000;\">O <strong>que<\/strong> realmente <strong>aconteceu<\/strong>?<\/span><\/li>\n<li><span style=\"color: #000000;\">Desde <strong>quando<\/strong> \u00e9 que essa situa\u00e7\u00e3o acontece?<\/span><\/li>\n<li><span style=\"color: #000000;\">Em que <strong>locais<\/strong> (f\u00edsicos ou virtuais)?<\/span><\/li>\n<li><span style=\"color: #000000;\"><strong>Quem assistiu<\/strong> e pode testemunhar? E que provas existem dessas ocorr\u00eancias (fotos, v\u00eddeos, capturas de ecr\u00e3, etc.)?<\/span><\/li>\n<\/ul>\n<p>[\/vc_column_text][vc_column_text]<\/p>\n<h5><span style=\"color: #993300;\"><strong>Tu tamb\u00e9m podes ajudar:<\/strong><\/span><\/h5>\n<ul>\n<li>Estando atento a comportamentos agressivos entre colegas, durante os intervalos;<\/li>\n<li>Procurando confirmar se \u00e9 mesmo uma situa\u00e7\u00e3o de <em>bullying <\/em>ou<em> ciberbullying<\/em>, pedindo ajuda a um adulto (professor, funcion\u00e1rio, pais\/encarregados de educa\u00e7\u00e3o, psic\u00f3logo ou outro);<\/li>\n<li>Denunciando este tipo de comportamentos, de forma an\u00f3nima e confidencial, ser\u00e1s uma preciosa ajuda;<\/li>\n<li>Intervindo, n\u00e3o ignorando, n\u00e3o apoiando e pondo termo a este tipo de comportamentos, cumprindo um dever que \u00e9 de todos!<\/li>\n<\/ul>\n<p>[\/vc_column_text][\/vc_column][\/vc_row][vc_row][vc_column]<div class=\"clearboth\"><\/div><style>#thegem-divider-69e3181c6dd0a {margin-top: 50px !important;}<\/style><div id=\"thegem-divider-69e3181c6dd0a\" class=\"gem-divider  \" style=\"\" ><\/div>[vc_tta_accordion style=&#8221;modern&#8221; color=&#8221;sandy-brown&#8221; active_section=&#8221;&#8221; no_fill=&#8221;true&#8221; collapsible_all=&#8221;true&#8221;][vc_tta_section title=&#8221;Folheto informativo&#8221; tab_id=&#8221;1570883798928-fc0ac631-ca80&#8243;][vc_gallery type=&#8221;image_grid&#8221; images=&#8221;25855&#8243; onclick=&#8221;custom_link&#8221; custom_links_target=&#8221;_blank&#8221; custom_links=&#8221;#E-8_aHR0cCUzQSUyRiUyRnd3dy5zZW1idWxseWluZ3NlbXZpb2xlbmNpYS5lZHUuZ292LnB0JTJGd3AtY29udGVudCUyRnVwbG9hZHMlMkYyMDE5JTJGMTAlMkZmb2xoZXRvX2FsdW5vc19maW5hbC5wZGY=&#8221;][\/vc_tta_section][vc_tta_section title=&#8221;Recursos&#8221; tab_id=&#8221;1570883798975-60e1ed49-ba94&#8243;][vc_row_inner][vc_column_inner width=&#8221;1\/3&#8243;]<div class=\"gem-youtube gem-wrapbox gem-wrapbox-style-no-style rounded-corners gem-wrapbox-position-below\" style=\"width: 100%;\"><div class=\"gem-wrapbox-inner gem-ratio-style\" style=\"padding-top: 56.25%\"><iframe class=\"gem-wrapbox-element img-responsive\" width=\"100%\" height=\"300\" allowfullscreen=\"allowfullscreen\" frameborder=\"0\" scrolling=\"no\" marginheight=\"0\" marginwidth=\"0\" src=\"\/\/www.youtube.com\/embed\/5E0OFKpRiDY?rel=0&amp;wmode=opaque\"><\/iframe><\/div><\/div>[vc_column_text css_animation=&#8221;fadeInLeft&#8221;]<\/p>\n<p class=\"title style-scope ytd-video-primary-info-renderer\">O que farias? (V\u00eddeo 7)<\/p>\n<p>[\/vc_column_text][\/vc_column_inner][vc_column_inner width=&#8221;1\/3&#8243;]<div class=\"gem-youtube gem-wrapbox gem-wrapbox-style-no-style rounded-corners gem-wrapbox-position-below\" style=\"width: 100%;\"><div class=\"gem-wrapbox-inner gem-ratio-style\" style=\"padding-top: 56.25%\"><iframe class=\"gem-wrapbox-element img-responsive\" width=\"100%\" height=\"300\" allowfullscreen=\"allowfullscreen\" frameborder=\"0\" scrolling=\"no\" marginheight=\"0\" marginwidth=\"0\" src=\"\/\/www.youtube.com\/embed\/vF1s0vep33g?rel=0&amp;wmode=opaque\"><\/iframe><\/div><\/div>[vc_column_text css_animation=&#8221;fadeInLeft&#8221;]<\/p>\n<p class=\"title style-scope ytd-video-primary-info-renderer\">O que farias? (V\u00eddeo 5)<\/p>\n<p>[\/vc_column_text][\/vc_column_inner][vc_column_inner width=&#8221;1\/3&#8243;]<div class=\"gem-youtube gem-wrapbox gem-wrapbox-style-no-style rounded-corners gem-wrapbox-position-below\" style=\"width: 100%;\"><div class=\"gem-wrapbox-inner gem-ratio-style\" style=\"padding-top: 56.25%\"><iframe class=\"gem-wrapbox-element img-responsive\" width=\"100%\" height=\"300\" allowfullscreen=\"allowfullscreen\" frameborder=\"0\" scrolling=\"no\" marginheight=\"0\" marginwidth=\"0\" src=\"\/\/www.youtube.com\/embed\/9H0h0lFzTLU?rel=0&amp;wmode=opaque\"><\/iframe><\/div><\/div>[vc_column_text css_animation=&#8221;fadeInLeft&#8221;]<\/p>\n<p class=\"title style-scope ytd-video-primary-info-renderer\">O que farias? (V\u00eddeo 8)<\/p>\n<p>[\/vc_column_text][\/vc_column_inner][\/vc_row_inner][vc_row_inner][vc_column_inner width=&#8221;1\/3&#8243;]<div class=\"gem-youtube gem-wrapbox gem-wrapbox-style-no-style rounded-corners gem-wrapbox-position-below\" style=\"width: 100%;\"><div class=\"gem-wrapbox-inner gem-ratio-style\" style=\"padding-top: 56.25%\"><iframe class=\"gem-wrapbox-element img-responsive\" width=\"100%\" height=\"300\" allowfullscreen=\"allowfullscreen\" frameborder=\"0\" scrolling=\"no\" marginheight=\"0\" marginwidth=\"0\" src=\"\/\/www.youtube.com\/embed\/c7sVzVeAqg4?rel=0&amp;wmode=opaque\"><\/iframe><\/div><\/div>[vc_column_text css_animation=&#8221;fadeInLeft&#8221;]<\/p>\n<p class=\"title style-scope ytd-video-primary-info-renderer\">Net com Consci\u00eancia Ep 02 Cyberbullying<\/p>\n<p>[\/vc_column_text][\/vc_column_inner][\/vc_row_inner][\/vc_tta_section][\/vc_tta_accordion][\/vc_column][\/vc_row][vc_row][vc_column css=&#8221;.vc_custom_1570956102696{background-image: url(http:\/\/www.sembullyingsemviolencia.edu.gov.pt\/wp-content\/uploads\/2019\/10\/fundolaran.png?id=26091) !important;background-position: center !important;background-repeat: no-repeat !important;background-size: cover !important;}&#8221;][vc_column_text css=&#8221;.vc_custom_1570971463539{margin-top: 0px !important;margin-bottom: 10px !important;padding-top: 0px !important;padding-bottom: 0px !important;}&#8221;]<span style=\"color: #000000;\"><strong><img class=\"alignnone wp-image-24926\" src=\"http:\/\/www.sembullyingsemviolencia.edu.gov.pt\/wp-content\/uploads\/2019\/09\/logo_APAV.png\" alt=\"\" width=\"70\" height=\"56\" srcset=\"https:\/\/www.sembullyingsemviolencia.edu.gov.pt\/wp-content\/uploads\/2019\/09\/logo_APAV.png 151w, https:\/\/www.sembullyingsemviolencia.edu.gov.pt\/wp-content\/uploads\/2019\/09\/logo_APAV-150x121.png 150w\" sizes=\"(max-width: 70px) 100vw, 70px\" \/>Podes sempre procurar a ajuda da APAV ligando\u00a0 para o n\u00famero gr\u00e1tis 116 006 ou visitando <span style=\"color: #000000;\">o <a style=\"color: #000000;\" href=\"http:\/\/www.apavparajovens.pt\/pt\/\" target=\"_blank\" rel=\"noopener noreferrer\"><u>site<\/u><\/a>.<\/span><\/strong><\/span>[\/vc_column_text][\/vc_column][\/vc_row]<\/p>\n<\/div>","protected":false},"excerpt":{"rendered":"<p>[vc_row][vc_column][vc_single_image image=&#8221;25582&#8243; alignment=&#8221;center&#8221; style=&#8221;vc_box_rounded&#8221;][\/vc_column][\/vc_row][vc_row css=&#8221;.vc_custom_1568205130936{margin-top: 0px !important;margin-bottom: 0px !important;padding-top: 0px !important;padding-bottom: 0px !important;}&#8221;][vc_column width=&#8221;1\/2&#8243; css=&#8221;.vc_custom_1568205178362{padding-top: 0px !important;}&#8221;][vc_column_text] O que \u00e9&#8230;<\/p>\n","protected":false},"author":1,"featured_media":0,"parent":24677,"menu_order":0,"comment_status":"closed","ping_status":"closed","template":"","meta":{"footnotes":"","_links_to":"","_links_to_target":""},"class_list":["post-24754","page","type-page","status-publish"],"_links":{"self":[{"href":"https:\/\/www.sembullyingsemviolencia.edu.gov.pt\/index.php?rest_route=\/wp\/v2\/pages\/24754","targetHints":{"allow":["GET"]}}],"collection":[{"href":"https:\/\/www.sembullyingsemviolencia.edu.gov.pt\/index.php?rest_route=\/wp\/v2\/pages"}],"about":[{"href":"https:\/\/www.sembullyingsemviolencia.edu.gov.pt\/index.php?rest_route=\/wp\/v2\/types\/page"}],"author":[{"embeddable":true,"href":"https:\/\/www.sembullyingsemviolencia.edu.gov.pt\/index.php?rest_route=\/wp\/v2\/users\/1"}],"replies":[{"embeddable":true,"href":"https:\/\/www.sembullyingsemviolencia.edu.gov.pt\/index.php?rest_route=%2Fwp%2Fv2%2Fcomments&post=24754"}],"version-history":[{"count":101,"href":"https:\/\/www.sembullyingsemviolencia.edu.gov.pt\/index.php?rest_route=\/wp\/v2\/pages\/24754\/revisions"}],"predecessor-version":[{"id":26547,"href":"https:\/\/www.sembullyingsemviolencia.edu.gov.pt\/index.php?rest_route=\/wp\/v2\/pages\/24754\/revisions\/26547"}],"up":[{"embeddable":true,"href":"https:\/\/www.sembullyingsemviolencia.edu.gov.pt\/index.php?rest_route=\/wp\/v2\/pages\/24677"}],"wp:attachment":[{"href":"https:\/\/www.sembullyingsemviolencia.edu.gov.pt\/index.php?rest_route=%2Fwp%2Fv2%2Fmedia&parent=24754"}],"curies":[{"name":"wp","href":"https:\/\/api.w.org\/{rel}","templated":true}]}}