{"id":24783,"date":"2019-09-11T11:17:28","date_gmt":"2019-09-11T11:17:28","guid":{"rendered":"http:\/\/www.sembullyingsemviolencia.edu.gov.pt\/?page_id=24783"},"modified":"2019-10-25T10:39:59","modified_gmt":"2019-10-25T10:39:59","slug":"na-minha-escola-la-na-escola","status":"publish","type":"page","link":"https:\/\/www.sembullyingsemviolencia.edu.gov.pt\/?page_id=24783","title":{"rendered":"L\u00e1 na Escola"},"content":{"rendered":"<div class=\"wpb-content-wrapper\"><p>[vc_row css=&#8221;.vc_custom_1570957038900{margin-top: 50px !important;margin-bottom: 0px !important;padding-top: 0px !important;padding-bottom: 0px !important;}&#8221;][vc_column][vc_basic_grid post_type=&#8221;post&#8221; max_items=&#8221;-1&#8243; style=&#8221;load-more&#8221; items_per_page=&#8221;12&#8243; gap=&#8221;35&#8243; item=&#8221;25774&#8243; btn_title=&#8221;MAIS&#8221; btn_style=&#8221;outline&#8221; btn_color=&#8221;primary&#8221; btn_size=&#8221;lg&#8221; btn_align=&#8221;center&#8221; grid_id=&#8221;vc_gid:1572000017985-73a0716b-5038-2&#8243; taxonomies=&#8221;133&#8243;][\/vc_column][\/vc_row][vc_row content_placement=&#8221;middle&#8221; css=&#8221;.vc_custom_1568293629572{margin-top: 0px !important;margin-bottom: 0px !important;border-top-width: 0px !important;border-bottom-width: 0px !important;padding-top: 0px !important;padding-bottom: 0px !important;}&#8221;][vc_column css=&#8221;.vc_custom_1570803979200{margin-bottom: 00px !important;border-bottom-width: 0px !important;padding-bottom: 0px !important;}&#8221;][vc_column_text]<\/p>\n<h6 style=\"text-align: center;\">DESAFIA-SE TODAS AS ESCOLAS A PARTILHAREM INICIATIVAS DINAMIZADAS NO \u00c2MBITO DO PLANO \u201cESCOLA SEM BULLYING. ESCOLA SEM VIOL\u00caNCIA\u201d, ENVIANDO V\u00cdDEOS OU FOTOGRAFIAS, COM UMA BREVE NOTA EXPLICATIVA, E IDENTIFICA\u00c7\u00c3O DO(S) ANO(S) E TURMA(S) ENVOLVIDOS, PARA SEMBULLYINGSEMVIOLENCIA@EDU.GOV.PT<\/h6>\n<p>[\/vc_column_text]<div class=\"clearboth\"><\/div><style>#thegem-divider-69e32c522f8f4 {margin-bottom: 30px !important;}<\/style><div id=\"thegem-divider-69e32c522f8f4\" class=\"gem-divider  \" style=\"\" ><\/div>[\/vc_column][\/vc_row]<\/p>\n<\/div>","protected":false},"excerpt":{"rendered":"<p>[vc_row css=&#8221;.vc_custom_1570957038900{margin-top: 50px !important;margin-bottom: 0px !important;padding-top: 0px !important;padding-bottom: 0px !important;}&#8221;][vc_column][vc_basic_grid post_type=&#8221;post&#8221; max_items=&#8221;-1&#8243; style=&#8221;load-more&#8221; items_per_page=&#8221;12&#8243; gap=&#8221;35&#8243; item=&#8221;25774&#8243; btn_title=&#8221;MAIS&#8221; btn_style=&#8221;outline&#8221; btn_color=&#8221;primary&#8221; btn_size=&#8221;lg&#8221;&#8230;<\/p>\n","protected":false},"author":1,"featured_media":0,"parent":24677,"menu_order":0,"comment_status":"closed","ping_status":"closed","template":"","meta":{"footnotes":"","_links_to":"","_links_to_target":""},"class_list":["post-24783","page","type-page","status-publish"],"_links":{"self":[{"href":"https:\/\/www.sembullyingsemviolencia.edu.gov.pt\/index.php?rest_route=\/wp\/v2\/pages\/24783","targetHints":{"allow":["GET"]}}],"collection":[{"href":"https:\/\/www.sembullyingsemviolencia.edu.gov.pt\/index.php?rest_route=\/wp\/v2\/pages"}],"about":[{"href":"https:\/\/www.sembullyingsemviolencia.edu.gov.pt\/index.php?rest_route=\/wp\/v2\/types\/page"}],"author":[{"embeddable":true,"href":"https:\/\/www.sembullyingsemviolencia.edu.gov.pt\/index.php?rest_route=\/wp\/v2\/users\/1"}],"replies":[{"embeddable":true,"href":"https:\/\/www.sembullyingsemviolencia.edu.gov.pt\/index.php?rest_route=%2Fwp%2Fv2%2Fcomments&post=24783"}],"version-history":[{"count":59,"href":"https:\/\/www.sembullyingsemviolencia.edu.gov.pt\/index.php?rest_route=\/wp\/v2\/pages\/24783\/revisions"}],"predecessor-version":[{"id":26745,"href":"https:\/\/www.sembullyingsemviolencia.edu.gov.pt\/index.php?rest_route=\/wp\/v2\/pages\/24783\/revisions\/26745"}],"up":[{"embeddable":true,"href":"https:\/\/www.sembullyingsemviolencia.edu.gov.pt\/index.php?rest_route=\/wp\/v2\/pages\/24677"}],"wp:attachment":[{"href":"https:\/\/www.sembullyingsemviolencia.edu.gov.pt\/index.php?rest_route=%2Fwp%2Fv2%2Fmedia&parent=24783"}],"curies":[{"name":"wp","href":"https:\/\/api.w.org\/{rel}","templated":true}]}}