{"id":24805,"date":"2019-09-11T12:57:57","date_gmt":"2019-09-11T12:57:57","guid":{"rendered":"http:\/\/www.sembullyingsemviolencia.edu.gov.pt\/?page_id=24805"},"modified":"2024-11-11T15:41:29","modified_gmt":"2024-11-11T15:41:29","slug":"videos","status":"publish","type":"page","link":"https:\/\/www.sembullyingsemviolencia.edu.gov.pt\/?page_id=24805","title":{"rendered":"V\u00eddeos"},"content":{"rendered":"<div class=\"wpb-content-wrapper\"><p>[vc_row][vc_column css=&#8221;.vc_custom_1570011309350{padding-top: 50px !important;}&#8221;]<div class=\"clearboth\"><\/div><div id=\"thegem-divider-69e300c931321\" class=\"gem-divider  \" style=\"\" ><\/div>[\/vc_column][\/vc_row][vc_row full_width=&#8221;stretch_row&#8221; equal_height=&#8221;yes&#8221; css=&#8221;.vc_custom_1570820289559{background-color: #ffffff !important;}&#8221;][vc_column width=&#8221;1\/3&#8243;]<div class=\"clearboth\"><\/div><div id=\"thegem-divider-69e300c931345\" class=\"gem-divider  \" style=\"\" ><\/div><div class=\"gem-youtube gem-wrapbox gem-wrapbox-style-no-style rounded-corners gem-wrapbox-position-below\" style=\"width: 100%;\"><div class=\"gem-wrapbox-inner gem-ratio-style\" style=\"padding-top: 56.25%\"><iframe class=\"gem-wrapbox-element img-responsive\" width=\"100%\" height=\"300\" allowfullscreen=\"allowfullscreen\" frameborder=\"0\" scrolling=\"no\" marginheight=\"0\" marginwidth=\"0\" src=\"\/\/www.youtube.com\/embed\/Z-3kA4Aa5qA?rel=0&amp;wmode=opaque\"><\/iframe><\/div><\/div>[vc_column_text css_animation=&#8221;fadeInLeft&#8221; css=&#8221;.vc_custom_1731339470833{margin-top: 0px !important;margin-bottom: 0px !important;border-top-width: 0px !important;border-bottom-width: 0px !important;padding-top: 0px !important;padding-bottom: 0px !important;background-color: #ffffff !important;}&#8221;]<span class=\"light\"><strong>Anima\u00e7\u00e3o &#8220;Age quando v\u00eas&#8221; <\/strong><\/span>[\/vc_column_text]<div class=\"clearboth\"><\/div><div id=\"thegem-divider-69e300c931389\" class=\"gem-divider  \" style=\"\" ><\/div><div class=\"clearboth\"><\/div><div id=\"thegem-divider-69e300c93139a\" class=\"gem-divider  \" style=\"\" ><\/div>[\/vc_column][vc_column width=&#8221;1\/3&#8243;]<div class=\"clearboth\"><\/div><div id=\"thegem-divider-69e300c9313a9\" class=\"gem-divider  \" style=\"\" ><\/div><div class=\"gem-youtube gem-wrapbox gem-wrapbox-style-no-style rounded-corners gem-wrapbox-position-below\" style=\"width: 100%;\"><div class=\"gem-wrapbox-inner gem-ratio-style\" style=\"padding-top: 56.25%\"><iframe class=\"gem-wrapbox-element img-responsive\" width=\"100%\" height=\"300\" allowfullscreen=\"allowfullscreen\" frameborder=\"0\" scrolling=\"no\" marginheight=\"0\" marginwidth=\"0\" src=\"\/\/www.youtube.com\/embed\/5VJT59n3xPk?rel=0&amp;wmode=opaque\"><\/iframe><\/div><\/div>[vc_column_text css_animation=&#8221;fadeInLeft&#8221; css=&#8221;.vc_custom_1731339608225{margin-top: 0px !important;margin-bottom: 0px !important;border-top-width: 0px !important;border-bottom-width: 0px !important;padding-top: 0px !important;padding-bottom: 0px !important;background-color: #ffffff !important;}&#8221;]<span class=\"light\"><strong>Anima\u00e7\u00e3o &#8220;Fala quando sofres&#8221; <\/strong><\/span>[\/vc_column_text]<div class=\"clearboth\"><\/div><div id=\"thegem-divider-69e300c9313c6\" class=\"gem-divider  \" style=\"\" ><\/div><div class=\"clearboth\"><\/div><div id=\"thegem-divider-69e300c9313d4\" class=\"gem-divider  \" style=\"\" ><\/div>[\/vc_column][vc_column width=&#8221;1\/3&#8243;]<div class=\"clearboth\"><\/div><div id=\"thegem-divider-69e300c9313e0\" class=\"gem-divider  \" style=\"\" ><\/div><div class=\"gem-youtube gem-wrapbox gem-wrapbox-style-no-style rounded-corners gem-wrapbox-position-below\" style=\"width: 100%;\"><div class=\"gem-wrapbox-inner gem-ratio-style\" style=\"padding-top: 56.25%\"><iframe class=\"gem-wrapbox-element img-responsive\" width=\"100%\" height=\"300\" allowfullscreen=\"allowfullscreen\" frameborder=\"0\" scrolling=\"no\" marginheight=\"0\" marginwidth=\"0\" src=\"\/\/www.youtube.com\/embed\/2K-vlR4i9Hc?rel=0&amp;wmode=opaque\"><\/iframe><\/div><\/div>[vc_column_text css_animation=&#8221;fadeInLeft&#8221; css=&#8221;.vc_custom_1731339707431{margin-top: 0px !important;margin-bottom: 0px !important;border-top-width: 0px !important;border-bottom-width: 0px !important;padding-top: 0px !important;padding-bottom: 0px !important;background-color: #ffffff !important;}&#8221;]<span class=\"light\"><strong>Anima\u00e7\u00e3o &#8220;Combate ao <em>Bullying<\/em>&#8221;<br \/>\n<\/strong><\/span>[\/vc_column_text]<div class=\"clearboth\"><\/div><div id=\"thegem-divider-69e300c9313f9\" class=\"gem-divider  \" style=\"\" ><\/div><div class=\"clearboth\"><\/div><div id=\"thegem-divider-69e300c931406\" class=\"gem-divider  \" style=\"\" ><\/div>[\/vc_column][\/vc_row][vc_row full_width=&#8221;stretch_row&#8221; equal_height=&#8221;yes&#8221; css=&#8221;.vc_custom_1570820289559{background-color: #ffffff !important;}&#8221;][vc_column width=&#8221;1\/3&#8243;]<div class=\"clearboth\"><\/div><div id=\"thegem-divider-69e300c931411\" class=\"gem-divider  \" style=\"\" ><\/div><div class=\"gem-youtube gem-wrapbox gem-wrapbox-style-no-style rounded-corners gem-wrapbox-position-below\" style=\"width: 100%;\"><div class=\"gem-wrapbox-inner gem-ratio-style\" style=\"padding-top: 56.25%\"><iframe class=\"gem-wrapbox-element img-responsive\" width=\"100%\" height=\"300\" allowfullscreen=\"allowfullscreen\" frameborder=\"0\" scrolling=\"no\" marginheight=\"0\" marginwidth=\"0\" src=\"\/\/www.youtube.com\/embed\/5RlOBrmyzbY?rel=0&amp;wmode=opaque\"><\/iframe><\/div><\/div>[vc_column_text css_animation=&#8221;fadeInLeft&#8221; css=&#8221;.vc_custom_1571650395648{margin-top: 0px !important;margin-bottom: 0px !important;border-top-width: 0px !important;border-bottom-width: 0px !important;padding-top: 0px !important;padding-bottom: 0px !important;background-color: #ffffff !important;}&#8221;]<span class=\"light\"><strong>Anima\u00e7\u00e3o &#8220;Escola Sem <em>Bullying. <\/em>Escola Sem Viol\u00eancia&#8221; <\/strong><\/span>[\/vc_column_text]<div class=\"clearboth\"><\/div><div id=\"thegem-divider-69e300c931428\" class=\"gem-divider  \" style=\"\" ><\/div><div class=\"clearboth\"><\/div><div id=\"thegem-divider-69e300c931434\" class=\"gem-divider  \" style=\"\" ><\/div>[\/vc_column][vc_column width=&#8221;1\/3&#8243;]<div class=\"clearboth\"><\/div><div id=\"thegem-divider-69e300c931440\" class=\"gem-divider  \" style=\"\" ><\/div><div class=\"gem-youtube gem-wrapbox gem-wrapbox-style-no-style rounded-corners gem-wrapbox-position-below\" style=\"width: 100%;\"><div class=\"gem-wrapbox-inner gem-ratio-style\" style=\"padding-top: 56.25%\"><iframe class=\"gem-wrapbox-element img-responsive\" width=\"100%\" height=\"300\" allowfullscreen=\"allowfullscreen\" frameborder=\"0\" scrolling=\"no\" marginheight=\"0\" marginwidth=\"0\" src=\"\/\/www.youtube.com\/embed\/hAeFzB8LvHU?rel=0&amp;wmode=opaque\"><\/iframe><\/div><\/div>[vc_column_text css_animation=&#8221;fadeInLeft&#8221; css=&#8221;.vc_custom_1571650395648{margin-top: 0px !important;margin-bottom: 0px !important;border-top-width: 0px !important;border-bottom-width: 0px !important;padding-top: 0px !important;padding-bottom: 0px !important;background-color: #ffffff !important;}&#8221;]<span class=\"light\"><strong>Anima\u00e7\u00e3o &#8220;Escola Sem <em>Bullying. <\/em>Escola Sem Viol\u00eancia&#8221; <\/strong><\/span>[\/vc_column_text]<div class=\"clearboth\"><\/div><div id=\"thegem-divider-69e300c931456\" class=\"gem-divider  \" style=\"\" ><\/div><div class=\"clearboth\"><\/div><div id=\"thegem-divider-69e300c931461\" class=\"gem-divider  \" style=\"\" ><\/div>[\/vc_column][vc_column width=&#8221;1\/3&#8243;]<div class=\"clearboth\"><\/div><div id=\"thegem-divider-69e300c93146c\" class=\"gem-divider  \" style=\"\" ><\/div><div class=\"gem-youtube gem-wrapbox gem-wrapbox-style-no-style rounded-corners gem-wrapbox-position-below\" style=\"width: 100%;\"><div class=\"gem-wrapbox-inner gem-ratio-style\" style=\"padding-top: 56.25%\"><iframe class=\"gem-wrapbox-element img-responsive\" width=\"100%\" height=\"300\" allowfullscreen=\"allowfullscreen\" frameborder=\"0\" scrolling=\"no\" marginheight=\"0\" marginwidth=\"0\" src=\"\/\/www.youtube.com\/embed\/oSAPIx75aPc?rel=0&amp;wmode=opaque\"><\/iframe><\/div><\/div>[vc_column_text css_animation=&#8221;fadeInLeft&#8221; css=&#8221;.vc_custom_1568382821177{margin-top: 0px !important;margin-bottom: 0px !important;border-top-width: 0px !important;border-bottom-width: 0px !important;padding-top: 0px !important;padding-bottom: 0px !important;background-color: #ffffff !important;}&#8221;]<span class=\"light\">Anima\u00e7\u00e3o <a href=\"https:\/\/www.seguranet.pt\/pt\/animacoes-seguranet\" target=\"_blank\" rel=\"noopener noreferrer\">SeguraNet<\/a> sobre o Ciberbullying<strong><br \/>\n<\/strong><\/span>[\/vc_column_text]<div class=\"clearboth\"><\/div><div id=\"thegem-divider-69e300c931482\" class=\"gem-divider  \" style=\"\" ><\/div><div class=\"clearboth\"><\/div><div id=\"thegem-divider-69e300c93148d\" class=\"gem-divider  \" style=\"\" ><\/div>[\/vc_column][\/vc_row][vc_row full_width=&#8221;stretch_row&#8221; equal_height=&#8221;yes&#8221; css=&#8221;.vc_custom_1570820294622{background-color: #ffffff !important;}&#8221;][vc_column width=&#8221;1\/3&#8243;]<div class=\"clearboth\"><\/div><div id=\"thegem-divider-69e300c931498\" class=\"gem-divider  \" style=\"\" ><\/div><div class=\"gem-youtube gem-wrapbox gem-wrapbox-style-no-style rounded-corners gem-wrapbox-position-below\" style=\"width: 100%;\"><div class=\"gem-wrapbox-inner gem-ratio-style\" style=\"padding-top: 56.25%\"><iframe class=\"gem-wrapbox-element img-responsive\" width=\"100%\" height=\"300\" allowfullscreen=\"allowfullscreen\" frameborder=\"0\" scrolling=\"no\" marginheight=\"0\" marginwidth=\"0\" src=\"\/\/www.youtube.com\/embed\/eCFjltt4CxI?rel=0&amp;wmode=opaque\"><\/iframe><\/div><\/div>[vc_column_text css_animation=&#8221;fadeInLeft&#8221; css=&#8221;.vc_custom_1568382705270{margin-top: 0px !important;margin-bottom: 0px !important;border-top-width: 0px !important;border-bottom-width: 0px !important;padding-top: 0px !important;padding-bottom: 0px !important;background-color: #ffffff !important;}&#8221;]<span class=\"light\">O Ciberbullying da autoria\u00a0 da Childnet Internacional<strong><br \/>\n<\/strong><\/span>[\/vc_column_text]<div class=\"clearboth\"><\/div><div id=\"thegem-divider-69e300c9314ac\" class=\"gem-divider  \" style=\"\" ><\/div><div class=\"clearboth\"><\/div><div id=\"thegem-divider-69e300c9314b7\" class=\"gem-divider  \" style=\"\" ><\/div>[\/vc_column][vc_column width=&#8221;1\/3&#8243;]<div class=\"clearboth\"><\/div><div id=\"thegem-divider-69e300c9314c1\" class=\"gem-divider  \" style=\"\" ><\/div><div class=\"gem-youtube gem-wrapbox gem-wrapbox-style-no-style rounded-corners gem-wrapbox-position-below\" style=\"width: 100%;\"><div class=\"gem-wrapbox-inner gem-ratio-style\" style=\"padding-top: 56.25%\"><iframe class=\"gem-wrapbox-element img-responsive\" width=\"100%\" height=\"300\" allowfullscreen=\"allowfullscreen\" frameborder=\"0\" scrolling=\"no\" marginheight=\"0\" marginwidth=\"0\" src=\"\/\/www.youtube.com\/embed\/a6MbtYZ6sOU?rel=0&amp;wmode=opaque\"><\/iframe><\/div><\/div>[vc_column_text css_animation=&#8221;fadeInLeft&#8221; css=&#8221;.vc_custom_1568382653683{margin-top: 0px !important;margin-bottom: 0px !important;border-top-width: 0px !important;border-bottom-width: 0px !important;padding-top: 0px !important;padding-bottom: 0px !important;background-color: #ffffff !important;}&#8221;]<span class=\"light\">Anima\u00e7\u00e3o <\/span>Pedra, Papel, Tesoura da autoria da Google[\/vc_column_text]<div class=\"clearboth\"><\/div><div id=\"thegem-divider-69e300c9314d5\" class=\"gem-divider  \" style=\"\" ><\/div><div class=\"clearboth\"><\/div><div id=\"thegem-divider-69e300c9314df\" class=\"gem-divider  \" style=\"\" ><\/div>[\/vc_column][vc_column width=&#8221;1\/3&#8243;]<div class=\"clearboth\"><\/div><div id=\"thegem-divider-69e300c9314e9\" class=\"gem-divider  \" style=\"\" ><\/div><div class=\"gem-youtube gem-wrapbox gem-wrapbox-style-no-style rounded-corners gem-wrapbox-position-below\" style=\"width: 100%;\"><div class=\"gem-wrapbox-inner gem-ratio-style\" style=\"padding-top: 56.25%\"><iframe class=\"gem-wrapbox-element img-responsive\" width=\"100%\" height=\"300\" allowfullscreen=\"allowfullscreen\" frameborder=\"0\" scrolling=\"no\" marginheight=\"0\" marginwidth=\"0\" src=\"\/\/www.youtube.com\/embed\/FYVvE4tr2BI?rel=0&amp;wmode=opaque\"><\/iframe><\/div><\/div>[vc_column_text css_animation=&#8221;fadeInLeft&#8221; css=&#8221;.vc_custom_1572865989526{margin-top: 0px !important;margin-bottom: 0px !important;border-top-width: 0px !important;border-bottom-width: 0px !important;padding-top: 0px !important;padding-bottom: 0px !important;background-color: #ffffff !important;}&#8221;]<\/p>\n<p class=\"title style-scope ytd-video-primary-info-renderer\">I\u2019m truly Sorry<\/p>\n<p>[\/vc_column_text]<div class=\"clearboth\"><\/div><div id=\"thegem-divider-69e300c9314fb\" class=\"gem-divider  \" style=\"\" ><\/div><div class=\"clearboth\"><\/div><div id=\"thegem-divider-69e300c931505\" class=\"gem-divider  \" style=\"\" ><\/div>[\/vc_column][\/vc_row][vc_row full_width=&#8221;stretch_row&#8221; equal_height=&#8221;yes&#8221; css=&#8221;.vc_custom_1570820299428{background-color: #ffffff !important;}&#8221;][vc_column width=&#8221;1\/3&#8243;]<div class=\"clearboth\"><\/div><div id=\"thegem-divider-69e300c93150f\" class=\"gem-divider  \" style=\"\" ><\/div><div class=\"gem-youtube gem-wrapbox gem-wrapbox-style-no-style rounded-corners gem-wrapbox-position-below\" style=\"width: 100%;\"><div class=\"gem-wrapbox-inner gem-ratio-style\" style=\"padding-top: 56.25%\"><iframe class=\"gem-wrapbox-element img-responsive\" width=\"100%\" height=\"300\" allowfullscreen=\"allowfullscreen\" frameborder=\"0\" scrolling=\"no\" marginheight=\"0\" marginwidth=\"0\" src=\"\/\/www.youtube.com\/embed\/X8j4Fxko1Ck?rel=0&amp;wmode=opaque\"><\/iframe><\/div><\/div>[vc_column_text css_animation=&#8221;fadeInLeft&#8221; css=&#8221;.vc_custom_1568383213764{margin-top: 0px !important;margin-bottom: 0px !important;border-top-width: 0px !important;border-bottom-width: 0px !important;padding-top: 0px !important;padding-bottom: 0px !important;background-color: #ffffff !important;}&#8221;]<span class=\"light\">Campanha anti-bullying da responsabilidade da WordsCampaign<strong><br \/>\n<\/strong><\/span>[\/vc_column_text]<div class=\"clearboth\"><\/div><div id=\"thegem-divider-69e300c931524\" class=\"gem-divider  \" style=\"\" ><\/div><div class=\"clearboth\"><\/div><div id=\"thegem-divider-69e300c93152d\" class=\"gem-divider  \" style=\"\" ><\/div>[\/vc_column][vc_column width=&#8221;1\/3&#8243;]<div class=\"clearboth\"><\/div><div id=\"thegem-divider-69e300c931537\" class=\"gem-divider  \" style=\"\" ><\/div><div class=\"gem-youtube gem-wrapbox gem-wrapbox-style-no-style rounded-corners gem-wrapbox-position-below\" style=\"width: 100%;\"><div class=\"gem-wrapbox-inner gem-ratio-style\" style=\"padding-top: 56.25%\"><iframe class=\"gem-wrapbox-element img-responsive\" width=\"100%\" height=\"300\" allowfullscreen=\"allowfullscreen\" frameborder=\"0\" scrolling=\"no\" marginheight=\"0\" marginwidth=\"0\" src=\"\/\/www.youtube.com\/embed\/JMeLEKvjVF0?rel=0&amp;wmode=opaque\"><\/iframe><\/div><\/div>[vc_column_text css_animation=&#8221;fadeInLeft&#8221; css=&#8221;.vc_custom_1568383321236{margin-top: 0px !important;margin-bottom: 0px !important;border-top-width: 0px !important;border-bottom-width: 0px !important;padding-top: 0px !important;padding-bottom: 0px !important;background-color: #ffffff !important;}&#8221;]<span class=\"light\">Campanha Anti-Bullying da responsabilidade da <\/span>Be The Change NZ[\/vc_column_text]<div class=\"clearboth\"><\/div><div id=\"thegem-divider-69e300c931548\" class=\"gem-divider  \" style=\"\" ><\/div><div class=\"clearboth\"><\/div><div id=\"thegem-divider-69e300c931551\" class=\"gem-divider  \" style=\"\" ><\/div>[\/vc_column][vc_column width=&#8221;1\/3&#8243;]<div class=\"clearboth\"><\/div><div id=\"thegem-divider-69e300c93155a\" class=\"gem-divider  \" style=\"\" ><\/div><div class=\"gem-youtube gem-wrapbox gem-wrapbox-style-no-style rounded-corners gem-wrapbox-position-below\" style=\"width: 100%;\"><div class=\"gem-wrapbox-inner gem-ratio-style\" style=\"padding-top: 56.25%\"><iframe class=\"gem-wrapbox-element img-responsive\" width=\"100%\" height=\"300\" allowfullscreen=\"allowfullscreen\" frameborder=\"0\" scrolling=\"no\" marginheight=\"0\" marginwidth=\"0\" src=\"\/\/www.youtube.com\/embed\/https:\/\/www.youtube.com\/watch?v=c7sVzVeAqg4&amp;list=PLYFk-hCP5pDM-Xa5Rl4xARsT2nYFBN4Vn&amp;index=3&amp;t=0s?rel=0&amp;wmode=opaque\"><\/iframe><\/div><\/div>[vc_column_text css_animation=&#8221;fadeInLeft&#8221; css=&#8221;.vc_custom_1570805774271{margin-top: 0px !important;margin-bottom: 0px !important;border-top-width: 0px !important;border-bottom-width: 0px !important;padding-top: 0px !important;padding-bottom: 0px !important;background-color: #ffffff !important;}&#8221;]<\/p>\n<p class=\"title style-scope ytd-video-primary-info-renderer\">Net com Consci\u00eancia Ep 02 Cyberbullying<\/p>\n<p>[\/vc_column_text]<div class=\"clearboth\"><\/div><div id=\"thegem-divider-69e300c93156c\" class=\"gem-divider  \" style=\"\" ><\/div><div class=\"clearboth\"><\/div><div id=\"thegem-divider-69e300c931575\" class=\"gem-divider  \" style=\"\" ><\/div>[\/vc_column][\/vc_row][vc_row full_width=&#8221;stretch_row&#8221; equal_height=&#8221;yes&#8221; css=&#8221;.vc_custom_1570820299428{background-color: #ffffff !important;}&#8221;][vc_column width=&#8221;1\/3&#8243;]<div class=\"clearboth\"><\/div><div id=\"thegem-divider-69e300c93157e\" class=\"gem-divider  \" style=\"\" ><\/div><div class=\"clearboth\"><\/div><div id=\"thegem-divider-69e300c931588\" class=\"gem-divider  \" style=\"\" ><\/div><div class=\"gem-youtube gem-wrapbox gem-wrapbox-style-no-style rounded-corners gem-wrapbox-position-below\" style=\"width: 100%;\"><div class=\"gem-wrapbox-inner gem-ratio-style\" style=\"padding-top: 56.25%\"><iframe class=\"gem-wrapbox-element img-responsive\" width=\"100%\" height=\"300\" allowfullscreen=\"allowfullscreen\" frameborder=\"0\" scrolling=\"no\" marginheight=\"0\" marginwidth=\"0\" src=\"\/\/www.youtube.com\/embed\/JjRbeAciCj4?rel=0&amp;wmode=opaque\"><\/iframe><\/div><\/div>[vc_column_text css_animation=&#8221;fadeInLeft&#8221; css=&#8221;.vc_custom_1575469110650{margin-top: 0px !important;margin-bottom: 0px !important;border-top-width: 0px !important;border-bottom-width: 0px !important;padding-top: 0px !important;padding-bottom: 0px !important;background-color: #ffffff !important;}&#8221;]Jogos Cru\u00e9is &#8211; A hist\u00f3ria de duas fam\u00edlias afetadas pelo fen\u00f3meno do &#8220;cyberbullying&#8221;[\/vc_column_text]<div class=\"clearboth\"><\/div><div id=\"thegem-divider-69e300c931598\" class=\"gem-divider  \" style=\"\" ><\/div>[\/vc_column][vc_column width=&#8221;1\/3&#8243;]<div class=\"clearboth\"><\/div><div id=\"thegem-divider-69e300c9315a0\" class=\"gem-divider  \" style=\"\" ><\/div><div class=\"gem-youtube gem-wrapbox gem-wrapbox-style-no-style rounded-corners gem-wrapbox-position-below\" style=\"width: 100%;\"><div class=\"gem-wrapbox-inner gem-ratio-style\" style=\"padding-top: 56.25%\"><iframe class=\"gem-wrapbox-element img-responsive\" width=\"100%\" height=\"300\" allowfullscreen=\"allowfullscreen\" frameborder=\"0\" scrolling=\"no\" marginheight=\"0\" marginwidth=\"0\" src=\"\/\/www.youtube.com\/embed\/8HBORu_6NUU?rel=0&amp;wmode=opaque\"><\/iframe><\/div><\/div>[vc_column_text css_animation=&#8221;fadeInLeft&#8221; css=&#8221;.vc_custom_1575469354827{margin-top: 0px !important;margin-bottom: 0px !important;border-top-width: 0px !important;border-bottom-width: 0px !important;padding-top: 0px !important;padding-bottom: 0px !important;background-color: #ffffff !important;}&#8221;]Ditados Impopulares &#8211; Campanha de preven\u00e7\u00e3o e combate \u00e0 viol\u00eancia contra as mulheres e \u00e0 viol\u00eancia dom\u00e9stica que desconstr\u00f3i ditados populares[\/vc_column_text]<div class=\"clearboth\"><\/div><div id=\"thegem-divider-69e300c9315af\" class=\"gem-divider  \" style=\"\" ><\/div><div class=\"clearboth\"><\/div><div id=\"thegem-divider-69e300c9315b8\" class=\"gem-divider  \" style=\"\" ><\/div>[\/vc_column][vc_column width=&#8221;1\/3&#8243;]<div class=\"clearboth\"><\/div><div id=\"thegem-divider-69e300c9315c0\" class=\"gem-divider  \" style=\"\" ><\/div><div class=\"clearboth\"><\/div><div id=\"thegem-divider-69e300c9315c8\" class=\"gem-divider  \" style=\"\" ><\/div><div class=\"clearboth\"><\/div><div id=\"thegem-divider-69e300c9315d0\" class=\"gem-divider  \" style=\"\" ><\/div>[\/vc_column][\/vc_row][vc_row][vc_column]<div class=\"clearboth\"><\/div><div id=\"thegem-divider-69e300c9315d8\" class=\"gem-divider  \" style=\"\" ><\/div>[\/vc_column][\/vc_row]<\/p>\n<\/div>","protected":false},"excerpt":{"rendered":"<p>[vc_row][vc_column css=&#8221;.vc_custom_1570011309350{padding-top: 50px !important;}&#8221;][\/vc_column][\/vc_row][vc_row full_width=&#8221;stretch_row&#8221; equal_height=&#8221;yes&#8221; css=&#8221;.vc_custom_1570820289559{background-color: #ffffff !important;}&#8221;][vc_column width=&#8221;1\/3&#8243;][vc_column_text css_animation=&#8221;fadeInLeft&#8221; css=&#8221;.vc_custom_1731339470833{margin-top: 0px !important;margin-bottom: 0px !important;border-top-width: 0px !important;border-bottom-width: 0px !important;padding-top:&#8230;<\/p>\n","protected":false},"author":1,"featured_media":0,"parent":0,"menu_order":0,"comment_status":"closed","ping_status":"closed","template":"","meta":{"footnotes":"","_links_to":"","_links_to_target":""},"class_list":["post-24805","page","type-page","status-publish"],"_links":{"self":[{"href":"https:\/\/www.sembullyingsemviolencia.edu.gov.pt\/index.php?rest_route=\/wp\/v2\/pages\/24805","targetHints":{"allow":["GET"]}}],"collection":[{"href":"https:\/\/www.sembullyingsemviolencia.edu.gov.pt\/index.php?rest_route=\/wp\/v2\/pages"}],"about":[{"href":"https:\/\/www.sembullyingsemviolencia.edu.gov.pt\/index.php?rest_route=\/wp\/v2\/types\/page"}],"author":[{"embeddable":true,"href":"https:\/\/www.sembullyingsemviolencia.edu.gov.pt\/index.php?rest_route=\/wp\/v2\/users\/1"}],"replies":[{"embeddable":true,"href":"https:\/\/www.sembullyingsemviolencia.edu.gov.pt\/index.php?rest_route=%2Fwp%2Fv2%2Fcomments&post=24805"}],"version-history":[{"count":73,"href":"https:\/\/www.sembullyingsemviolencia.edu.gov.pt\/index.php?rest_route=\/wp\/v2\/pages\/24805\/revisions"}],"predecessor-version":[{"id":27424,"href":"https:\/\/www.sembullyingsemviolencia.edu.gov.pt\/index.php?rest_route=\/wp\/v2\/pages\/24805\/revisions\/27424"}],"wp:attachment":[{"href":"https:\/\/www.sembullyingsemviolencia.edu.gov.pt\/index.php?rest_route=%2Fwp%2Fv2%2Fmedia&parent=24805"}],"curies":[{"name":"wp","href":"https:\/\/api.w.org\/{rel}","templated":true}]}}